{"id":9,"date":"2025-02-13T15:03:44","date_gmt":"2025-02-13T14:03:44","guid":{"rendered":"http:\/\/laukafk.cluster021.hosting.ovh.net\/?page_id=9"},"modified":"2026-02-23T22:33:34","modified_gmt":"2026-02-23T21:33:34","slug":"accueil","status":"publish","type":"page","link":"https:\/\/lauka.fr\/","title":{"rendered":"Accueil"},"content":{"rendered":"\n<div class=\"wp-block-cover alignfull\" style=\"min-height:720px;aspect-ratio:unset;\"><span aria-hidden=\"true\" class=\"wp-block-cover__background has-background-dim-100 has-background-dim has-background-gradient\" style=\"background:linear-gradient(135deg,rgb(21,21,21) 23%,rgb(252,171,40) 100%)\"><\/span><div class=\"wp-block-cover__inner-container is-layout-constrained wp-block-cover-is-layout-constrained\">\n<div style=\"height:50px\" aria-hidden=\"true\" class=\"wp-block-spacer\"><\/div>\n\n\n\n<div class=\"wp-block-columns is-layout-flex wp-container-core-columns-is-layout-28f84493 wp-block-columns-is-layout-flex\">\n<div class=\"wp-block-column is-layout-flow wp-block-column-is-layout-flow\" style=\"flex-basis:66.66%\">\n<h1 class=\"wp-block-heading has-text-align-left has-white-color has-text-color has-large-font-size\">T\u00e9l\u00e9transmission de vos factures CPAM<\/h1>\n\n\n\n<p class=\"has-text-align-left has-white-color has-text-color\">T\u00e9l\u00e9transmission des factures m\u00e9dicales, traitement des restant d\u00fb, des retours No\u00e9mie, paiement des mutuelles.<\/p>\n\n\n\n<div class=\"wp-block-columns is-layout-flex wp-container-core-columns-is-layout-28f84493 wp-block-columns-is-layout-flex\">\n<div class=\"wp-block-column is-layout-flow wp-block-column-is-layout-flow\">\n<div class=\"wp-block-buttons is-horizontal is-content-justification-left is-layout-flex wp-container-core-buttons-is-layout-0c2d7575 wp-block-buttons-is-layout-flex\">\n<div class=\"wp-block-button\"><a class=\"wp-block-button__link has-ast-global-color-8-color has-ast-global-color-7-background-color has-text-color has-background has-link-color has-text-align-left wp-element-button\" href=\"tel:0699050324\"><strong>0<\/strong>6 99 05 03 24<\/a><\/div>\n<\/div>\n<\/div>\n\n\n\n<div class=\"wp-block-column is-layout-flow wp-block-column-is-layout-flow\">\n<div class=\"wp-block-buttons is-horizontal is-content-justification-left is-layout-flex wp-container-core-buttons-is-layout-0c2d7575 wp-block-buttons-is-layout-flex\"><\/div>\n<\/div>\n<\/div>\n<\/div>\n\n\n\n<div class=\"wp-block-column is-layout-flow wp-block-column-is-layout-flow\" style=\"flex-basis:33.33%\">\n<figure class=\"wp-block-image aligncenter size-full is-resized\"><img loading=\"lazy\" decoding=\"async\" width=\"1470\" height=\"980\" src=\"https:\/\/lauka.fr\/wp-content\/uploads\/2025\/02\/2140359-jeune-femme-d-affaires-travaillant-sur-un-ordinateur-portable-a-son-poste-de-travail-gratuit-photo.jpg\" alt=\"\" class=\"wp-image-85\" style=\"width:469px;height:auto\" srcset=\"https:\/\/lauka.fr\/wp-content\/uploads\/2025\/02\/2140359-jeune-femme-d-affaires-travaillant-sur-un-ordinateur-portable-a-son-poste-de-travail-gratuit-photo.jpg 1470w, https:\/\/lauka.fr\/wp-content\/uploads\/2025\/02\/2140359-jeune-femme-d-affaires-travaillant-sur-un-ordinateur-portable-a-son-poste-de-travail-gratuit-photo-300x200.jpg 300w, https:\/\/lauka.fr\/wp-content\/uploads\/2025\/02\/2140359-jeune-femme-d-affaires-travaillant-sur-un-ordinateur-portable-a-son-poste-de-travail-gratuit-photo-1024x683.jpg 1024w, https:\/\/lauka.fr\/wp-content\/uploads\/2025\/02\/2140359-jeune-femme-d-affaires-travaillant-sur-un-ordinateur-portable-a-son-poste-de-travail-gratuit-photo-768x512.jpg 768w\" sizes=\"auto, (max-width: 1470px) 100vw, 1470px\" \/><\/figure>\n<\/div>\n<\/div>\n<\/div><\/div>\n\n\n\n<div style=\"height:46px\" aria-hidden=\"true\" class=\"wp-block-spacer\"><\/div>\n\n\n\n<div class=\"wp-block-group alignfull is-layout-constrained wp-block-group-is-layout-constrained\" id=\"services\" style=\"padding-top:0px;padding-bottom:0px\">\n<h2 class=\"wp-block-heading has-text-align-center\" id=\"forfaits\">Un taux d\u00e9gressif<\/h2>\n\n\n\n<div style=\"height:28px\" aria-hidden=\"true\" class=\"wp-block-spacer\"><\/div>\n\n\n\n<div class=\"wp-block-columns alignwide is-layout-flex wp-container-core-columns-is-layout-16dcffe6 wp-block-columns-is-layout-flex\" style=\"margin-bottom:0;padding-top:var(--wp--preset--spacing--20);padding-right:0;padding-bottom:var(--wp--preset--spacing--20);padding-left:0\">\n<div class=\"wp-block-column has-text-color has-background has-link-color wp-elements-4d116cac569a99261bbe48a5d92dc442 is-layout-flow wp-container-core-column-is-layout-08058402 wp-block-column-is-layout-flow\" style=\"border-radius:50px;color:#000000;background-color:#d9a222;padding-top:2em;padding-right:2em;padding-bottom:2em;padding-left:2em\">\n<h2 class=\"wp-block-heading has-text-align-center\" id=\"single\" style=\"font-size:30px\"><\/h2>\n\n\n\n<div class=\"wp-block-columns is-layout-flex wp-container-core-columns-is-layout-28f84493 wp-block-columns-is-layout-flex\">\n<div class=\"wp-block-column is-layout-flow wp-block-column-is-layout-flow\" style=\"flex-basis:100%\">\n<figure class=\"wp-block-table aligncenter\"><table class=\"has-fixed-layout\"><tbody><tr><td class=\"has-text-align-center\" data-align=\"center\"><strong>TRANCHE DE CA<\/strong><\/td><td class=\"has-text-align-center\" data-align=\"center\"><strong>TAUX DEGRESSIF <\/strong><\/td><\/tr><tr><td class=\"has-text-align-center\" data-align=\"center\">0\u20ac \u00e0 1000\u20ac<\/td><td class=\"has-text-align-center\" data-align=\"center\">4%  <\/td><\/tr><tr><td class=\"has-text-align-center\" data-align=\"center\">1001 \u00e0 2000\u20ac<\/td><td class=\"has-text-align-center\" data-align=\"center\">3.8%<\/td><\/tr><tr><td class=\"has-text-align-center\" data-align=\"center\">2001\u20ac \u00e0 3000\u20ac<\/td><td class=\"has-text-align-center\" data-align=\"center\">3.6%<\/td><\/tr><tr><td class=\"has-text-align-center\" data-align=\"center\">3001\u20ac \u00e0 4000\u20ac<\/td><td class=\"has-text-align-center\" data-align=\"center\">3.4%<\/td><\/tr><tr><td class=\"has-text-align-center\" data-align=\"center\">4001\u20ac \u00e0 5000\u20ac<\/td><td class=\"has-text-align-center\" data-align=\"center\">3.2%<\/td><\/tr><tr><td class=\"has-text-align-center\" data-align=\"center\">5001\u20ac \u00e0 6000\u20ac<\/td><td class=\"has-text-align-center\" data-align=\"center\">3%<\/td><\/tr><tr><td class=\"has-text-align-center\" data-align=\"center\">6001\u20ac \u00e0 7000\u20ac<\/td><td class=\"has-text-align-center\" data-align=\"center\">2.8%<\/td><\/tr><tr><td class=\"has-text-align-center\" data-align=\"center\">7001\u20ac \u00e0 8000\u20ac<\/td><td class=\"has-text-align-center\" data-align=\"center\">2.6%<\/td><\/tr><tr><td class=\"has-text-align-center\" data-align=\"center\">8001\u20ac \u00e0 9000\u20ac<\/td><td class=\"has-text-align-center\" data-align=\"center\">2.4%<\/td><\/tr><tr><td class=\"has-text-align-center\" data-align=\"center\">9001\u20ac \u00e0 10000\u20ac<\/td><td class=\"has-text-align-center\" data-align=\"center\">2.2%<\/td><\/tr><tr><td class=\"has-text-align-center\" data-align=\"center\">10.000\u20ac et plus<\/td><td class=\"has-text-align-center\" data-align=\"center\">2%<\/td><\/tr><\/tbody><\/table><\/figure>\n<\/div>\n<\/div>\n\n\n\n<hr class=\"wp-block-separator has-text-color has-css-opacity has-background is-style-wide\" style=\"background-color:#000000;color:#000000\"\/>\n\n\n\n<ul class=\"wp-block-list has-normal-font-size\">\n<li>Frais administratifs inclus (enveloppes, impressions&#8230;)<\/li>\n\n\n\n<li>Timbres postaux non inclus<\/li>\n<\/ul>\n\n\n\n<div class=\"wp-block-buttons alignfull is-horizontal is-content-justification-center is-layout-flex wp-container-core-buttons-is-layout-03627597 wp-block-buttons-is-layout-flex\">\n<div class=\"wp-block-button has-custom-width wp-block-button__width-100\"><a class=\"wp-block-button__link has-white-color has-ast-global-color-8-background-color has-text-color has-background wp-element-button\" href=\"tel:0699050324\" style=\"border-radius:50px\">Nous contacter<\/a><\/div>\n<\/div>\n<\/div>\n<\/div>\n\n\n\n<p><strong><mark style=\"background-color:rgba(0, 0, 0, 0);color:#cf2e2e\" class=\"has-inline-color\">Pour les groupements de plusieurs chauffeurs de Taxi, un devis personnalis\u00e9 sera r\u00e9alis\u00e9<\/mark><\/strong><\/p>\n\n\n\n<div style=\"height:50px\" aria-hidden=\"true\" class=\"wp-block-spacer\"><\/div>\n\n\n\n<div class=\"wp-block-columns is-layout-flex wp-container-core-columns-is-layout-28f84493 wp-block-columns-is-layout-flex\" id=\"about\">\n<div class=\"wp-block-column is-layout-flow wp-block-column-is-layout-flow\" style=\"flex-basis:33.33%\">\n<figure class=\"wp-block-image aligncenter size-full\"><img loading=\"lazy\" decoding=\"async\" width=\"800\" height=\"600\" src=\"https:\/\/lauka.fr\/wp-content\/uploads\/2025\/02\/logiciel-facturation-taxi.jpg\" alt=\"\" class=\"wp-image-71\" style=\"aspect-ratio:4\/3;object-fit:cover\" srcset=\"https:\/\/lauka.fr\/wp-content\/uploads\/2025\/02\/logiciel-facturation-taxi.jpg 800w, https:\/\/lauka.fr\/wp-content\/uploads\/2025\/02\/logiciel-facturation-taxi-300x225.jpg 300w, https:\/\/lauka.fr\/wp-content\/uploads\/2025\/02\/logiciel-facturation-taxi-768x576.jpg 768w\" sizes=\"auto, (max-width: 800px) 100vw, 800px\" \/><\/figure>\n<\/div>\n\n\n\n<div class=\"wp-block-column is-layout-flow wp-block-column-is-layout-flow\" style=\"flex-basis:66.66%\">\n<h2 class=\"wp-block-heading has-text-align-left has-large-font-size\"><strong>Nous sommes l\u00e0 pour vous accompagner<\/strong><\/h2>\n\n\n\n<ul class=\"wp-block-list\">\n<li>Saisie et consultation PEC+<\/li>\n\n\n\n<li>T\u00e9l\u00e9transmission aux caisses norme B2<\/li>\n\n\n\n<li>Num\u00e9risation des documents<\/li>\n\n\n\n<li>Gestion des retours NOEMIE<\/li>\n\n\n\n<li>Traitement des rejets<\/li>\n\n\n\n<li>Gestion part assur\u00e9<\/li>\n\n\n\n<li>Suivi des r\u00e8glements<\/li>\n\n\n\n<li>Relance des impay\u00e9s<\/li>\n\n\n\n<li>Conseil sur les r\u00e8gles de transport<\/li>\n<\/ul>\n<\/div>\n<\/div>\n\n\n\n<div style=\"height:10px\" aria-hidden=\"true\" class=\"wp-block-spacer\"><\/div>\n\n\n\n<h2 class=\"wp-block-heading has-x-large-font-size\" id=\"pourquoi-nous\">Pourquoi nous?<\/h2>\n\n\n\n<div style=\"height:15px\" aria-hidden=\"true\" class=\"wp-block-spacer\"><\/div>\n\n\n\n<div class=\"wp-block-columns alignwide is-layout-flex wp-container-core-columns-is-layout-d2da2050 wp-block-columns-is-layout-flex\" style=\"margin-bottom:0\">\n<div class=\"wp-block-column has-ast-global-color-4-background-color has-text-color has-background has-link-color wp-elements-bc7ce17a53b56c1b10f0ea9cc2d458b4 is-layout-flow wp-block-column-is-layout-flow\" style=\"border-radius:50px;color:#000000;padding-top:2em;padding-right:2em;padding-bottom:2em;padding-left:2em\">\n<h2 class=\"wp-block-heading has-text-align-center\" id=\"single\" style=\"font-size:30px\"><strong>Flexibilit\u00e9<\/strong><\/h2>\n\n\n\n<p>Organisation de la facturation \u00e0 votre rythme, sans engagement et adapt\u00e9e \u00e0 vos besoins.<\/p>\n<\/div>\n\n\n\n<div class=\"wp-block-column has-text-color has-background has-link-color wp-elements-2b9a9dab810aa2c4fa0b5aaad74c4382 is-layout-flow wp-block-column-is-layout-flow\" style=\"border-radius:50px;color:#000000;background-color:#d9b865;padding-top:2em;padding-right:2em;padding-bottom:2em;padding-left:2em\">\n<h2 class=\"wp-block-heading has-text-align-center\" id=\"family\" style=\"font-size:30px\"><strong><strong>Economie<\/strong><\/strong><\/h2>\n\n\n\n<p>Pas de co\u00fbt de charges sociales et d&rsquo;investissement, vous payez uniquement sur le CA trait\u00e9.<\/p>\n<\/div>\n\n\n\n<div class=\"wp-block-column has-text-color has-background has-link-color wp-elements-d4b439d855b5fa44c33e1b738ba070bf is-layout-flow wp-block-column-is-layout-flow\" style=\"border-radius:50px;color:#000000;background-color:#d9a222;padding-top:2em;padding-right:2em;padding-bottom:2em;padding-left:2em\">\n<h2 class=\"wp-block-heading has-text-align-center\" id=\"patron\" style=\"font-size:30px\"><strong><strong><strong>Libert\u00e9<\/strong><\/strong><\/strong><\/h2>\n\n\n\n<p>Concentrez vous uniquement sur votre activit\u00e9 principale, priorisez votre temps pour vos clients.<\/p>\n<\/div>\n<\/div>\n\n\n\n<div style=\"height:65px\" aria-hidden=\"true\" class=\"wp-block-spacer\"><\/div>\n<\/div>\n\n\n\n<div class=\"wp-block-group alignfull has-ast-global-color-2-background-color has-background is-layout-flow wp-block-group-is-layout-flow\" id=\"contact\" style=\"padding-top:104px;padding-bottom:104px\">\n<h2 class=\"wp-block-heading has-text-align-center has-text-color\" style=\"color:#ffffff\"><strong>Nous contacter<\/strong><\/h2>\n\n\n\n<form method=\"post\" class=\"wp-block-gutena-forms gutena-forms-contact-form gutena_forms_ID_44a82a887d_1322025153832 input-box-border-bottom-only after_submit_message has-ast-global-color-5-color has-text-color has-link-color wp-elements-db4763d43bd5c325b86d0bf9adf4efe0 is-layout-constrained wp-container-gutena-forms-is-layout-9756be3b wp-block-gutena-forms-is-layout-constrained\" style=\"padding-top:2rem;padding-bottom:5rem\"><input type=\"hidden\" name=\"formid\" value=\"gutena_forms_ID_44a82a887d_1322025153832\"\/>\n<div class=\"wp-block-gutena-field-group  field-group-type-text is-layout-flow wp-block-gutena-field-group-is-layout-flow\">\n<div class=\"wp-block-group is-vertical is-content-justification-left is-layout-flex wp-container-core-group-is-layout-2a3592c6 wp-block-group-is-layout-flex\">\n<h3 class=\"wp-block-heading heading-input-label-gutena\">Soci\u00e9t\u00e9<\/h3>\n\n\n<div class=\"gutena-forms-text-field field-name-f_0  wp-block-gutena-form-field\"><input\n\t\t\t\t name=\"f_0\" type=\"text\" class=\"gutena-forms-field text-field required-field  \" placeholder=\"Entrer votre nom de soci\u00e9t\u00e9\"  required\n\t\t\t\t\/><\/div><\/div>\n\n\n\n<p class=\"gutena-forms-field-error-msg\"><\/p>\n<\/div>\n\n\n\n<div class=\"wp-block-gutena-field-group  field-group-type-email is-layout-flow wp-block-gutena-field-group-is-layout-flow\">\n<div class=\"wp-block-group is-vertical is-layout-flex wp-container-core-group-is-layout-501cef26 wp-block-group-is-layout-flex\">\n<h3 class=\"wp-block-heading heading-input-label-gutena\">Email <\/h3>\n\n\n<div class=\"gutena-forms-email-field field-name-f_1  wp-block-gutena-form-field\"><input\n\t\t\t\t name=\"f_1\" type=\"email\" class=\"gutena-forms-field email-field required-field  \" placeholder=\"example@gmail.com\"  required\n\t\t\t\t\/><\/div><\/div>\n\n\n\n<p class=\"gutena-forms-field-error-msg\"><\/p>\n<\/div>\n\n\n\n<div class=\"wp-block-gutena-field-group  field-group-type-text is-layout-flow wp-block-gutena-field-group-is-layout-flow\">\n<div class=\"wp-block-group is-vertical is-layout-flex wp-container-core-group-is-layout-501cef26 wp-block-group-is-layout-flex\">\n<h3 class=\"wp-block-heading heading-input-label-gutena\">T\u00e9l\u00e9phone<\/h3>\n\n\n<div class=\"gutena-forms-text-field field-name-f_2  wp-block-gutena-form-field\"><input\n\t\t\t\t name=\"f_2\" type=\"text\" class=\"gutena-forms-field text-field required-field  \" placeholder=\"T\u00e9l\u00e9phone\"  required\n\t\t\t\t\/><\/div><\/div>\n\n\n\n<p class=\"gutena-forms-field-error-msg\"><\/p>\n<\/div>\n\n\n\n<div class=\"wp-block-gutena-field-group  field-group-type-text is-layout-flow wp-block-gutena-field-group-is-layout-flow\">\n<div class=\"wp-block-group is-vertical is-layout-flex wp-container-core-group-is-layout-501cef26 wp-block-group-is-layout-flex\">\n<h3 class=\"wp-block-heading heading-input-label-gutena\">Message<\/h3>\n\n\n<div class=\"gutena-forms-text-field field-name-f_4  wp-block-gutena-form-field\"><input\n\t\t\t\t name=\"f_4\" type=\"text\" class=\"gutena-forms-field text-field   \" \n\t\t\t\t\/><\/div><\/div>\n\n\n\n<p class=\"gutena-forms-field-error-msg\"><\/p>\n<\/div>\n\n\n\n<div class=\"wp-block-buttons gutena-forms-submit-buttons is-layout-flex wp-block-buttons-is-layout-flex\">\n<div class=\"wp-block-button gutena-forms-submit-button\"><button class=\"wp-block-button__link wp-element-button\">Envoyer<\/button><\/div>\n<\/div>\n\n\n\n<div class=\"wp-block-gutena-form-confirm-msg is-layout-flow wp-block-gutena-form-confirm-msg-is-layout-flow\">\n<div class=\"wp-block-group has-background is-content-justification-left is-nowrap is-layout-flex wp-container-core-group-is-layout-385d3396 wp-block-group-is-layout-flex\" style=\"border-radius:5px;background-color:#d8eacc;padding-top:12px;padding-right:12px;padding-bottom:12px;padding-left:12px\">\n<figure class=\"wp-block-image size-large form-message-icon\"><img decoding=\"async\" src=\"data:image\/svg+xml;base64,PHN2ZyB3aWR0aD0iMTYiIGhlaWdodD0iMTYiIHZpZXdCb3g9IjAgMCAxNiAxNiIgZmlsbD0ibm9uZSIgeG1sbnM9Imh0dHA6Ly93d3cudzMub3JnLzIwMDAvc3ZnIj4KPHBhdGggZD0iTTggMTZDMy41ODE2IDE2IDAgMTIuNDE4NCAwIDhDMCAzLjU4MTYgMy41ODE2IDAgOCAwQzEyLjQxODQgMCAxNiAzLjU4MTYgMTYgOEMxNiAxMi40MTg0IDEyLjQxODQgMTYgOCAxNlpNOCAxNC40QzkuNjk3MzkgMTQuNCAxMS4zMjUzIDEzLjcyNTcgMTIuNTI1NSAxMi41MjU1QzEzLjcyNTcgMTEuMzI1MyAxNC40IDkuNjk3MzkgMTQuNCA4QzE0LjQgNi4zMDI2MSAxMy43MjU3IDQuNjc0NzUgMTIuNTI1NSAzLjQ3NDUyQzExLjMyNTMgMi4yNzQyOCA5LjY5NzM5IDEuNiA4IDEuNkM2LjMwMjYxIDEuNiA0LjY3NDc1IDIuMjc0MjggMy40NzQ1MiAzLjQ3NDUyQzIuMjc0MjggNC42NzQ3NSAxLjYgNi4zMDI2MSAxLjYgOEMxLjYgOS42OTczOSAyLjI3NDI4IDExLjMyNTMgMy40NzQ1MiAxMi41MjU1QzQuNjc0NzUgMTMuNzI1NyA2LjMwMjYxIDE0LjQgOCAxNC40Wk03LjIwMjQgMTEuMkwzLjgwOCA3LjgwNTZMNC45MzkyIDYuNjc0NEw3LjIwMjQgOC45Mzc2TDExLjcyNzIgNC40MTJMMTIuODU5MiA1LjU0MzJMNy4yMDI0IDExLjJaIiBmaWxsPSIjNDY4NDFFIi8+Cjwvc3ZnPgo=\" alt=\"Success\" class=\"wp-image-3811\"\/><\/figure>\n\n\n\n<p class=\"has-black-color has-text-color has-tiny-font-size\" style=\"font-size:12px;font-style:normal;font-weight:500;line-height:1.2\">Votre message \u00e0 bien \u00e9t\u00e9 envoy\u00e9!<\/p>\n<\/div>\n<\/div>\n\n\n\n<div class=\"wp-block-gutena-form-error-msg is-layout-flow wp-block-gutena-form-error-msg-is-layout-flow\">\n<div class=\"wp-block-group has-background is-content-justification-left is-nowrap is-layout-flex wp-container-core-group-is-layout-385d3396 wp-block-group-is-layout-flex\" style=\"border-radius:5px;background-color:#ffd3d3;padding-top:12px;padding-right:12px;padding-bottom:12px;padding-left:12px\">\n<figure class=\"wp-block-image size-large form-message-icon\"><img decoding=\"async\" src=\"data:image\/svg+xml;base64,PHN2ZyB3aWR0aD0iMTYiIGhlaWdodD0iMTYiIHZpZXdCb3g9IjAgMCAxNiAxNiIgZmlsbD0ibm9uZSIgeG1sbnM9Imh0dHA6Ly93d3cudzMub3JnLzIwMDAvc3ZnIj4KPHBhdGggZD0iTTggMTZDMy41ODE2IDE2IDAgMTIuNDE4NCAwIDhDMCAzLjU4MTYgMy41ODE2IDAgOCAwQzEyLjQxODQgMCAxNiAzLjU4MTYgMTYgOEMxNiAxMi40MTg0IDEyLjQxODQgMTYgOCAxNlpNOCAxNC40QzkuNjk3MzkgMTQuNCAxMS4zMjUzIDEzLjcyNTcgMTIuNTI1NSAxMi41MjU1QzEzLjcyNTcgMTEuMzI1MyAxNC40IDkuNjk3MzkgMTQuNCA4QzE0LjQgNi4zMDI2MSAxMy43MjU3IDQuNjc0NzUgMTIuNTI1NSAzLjQ3NDUyQzExLjMyNTMgMi4yNzQyOCA5LjY5NzM5IDEuNiA4IDEuNkM2LjMwMjYxIDEuNiA0LjY3NDc1IDIuMjc0MjggMy40NzQ1MiAzLjQ3NDUyQzIuMjc0MjggNC42NzQ3NSAxLjYgNi4zMDI2MSAxLjYgOEMxLjYgOS42OTczOSAyLjI3NDI4IDExLjMyNTMgMy40NzQ1MiAxMi41MjU1QzQuNjc0NzUgMTMuNzI1NyA2LjMwMjYxIDE0LjQgOCAxNC40Wk03LjIgMTAuNEg4LjhWMTJINy4yVjEwLjRaTTcuMiA0SDguOFY4LjhINy4yVjRaIiBmaWxsPSIjQzUxOTE5Ii8+Cjwvc3ZnPgo=\" alt=\"Error\" class=\"wp-image-3811\"\/><\/figure>\n\n\n\n<p class=\"gutena-forms-error-text has-black-color has-text-color\" style=\"font-size:12px;font-style:normal;font-weight:500;line-height:1.2\">Oops! Une erreur est survenue , veuillez recommencer.<\/p>\n<\/div>\n<\/div>\n<\/form>\n<\/div>\n\n\n\n<p><\/p>\n","protected":false},"excerpt":{"rendered":"<p>Un taux d\u00e9gressif TRANCHE DE CA TAUX DEGRESSIF 0\u20ac \u00e0 1000\u20ac 4% 1001 \u00e0 2000\u20ac 3.8% 2001\u20ac \u00e0 3000\u20ac 3.6% [&hellip;]<\/p>\n","protected":false},"author":1,"featured_media":0,"parent":0,"menu_order":0,"comment_status":"closed","ping_status":"closed","template":"","meta":{"site-sidebar-layout":"no-sidebar","site-content-layout":"plain-container","ast-site-content-layout":"","site-content-style":"default","site-sidebar-style":"default","ast-global-header-display":"","ast-banner-title-visibility":"","ast-main-header-display":"","ast-hfb-above-header-display":"","ast-hfb-below-header-display":"","ast-hfb-mobile-header-display":"","site-post-title":"disabled","ast-breadcrumbs-content":"","ast-featured-img":"","footer-sml-layout":"","theme-transparent-header-meta":"enabled","adv-header-id-meta":"","stick-header-meta":"","header-above-stick-meta":"","header-main-stick-meta":"","header-below-stick-meta":"","astra-migrate-meta-layouts":"default","ast-page-background-enabled":"default","ast-page-background-meta":{"desktop":{"background-color":"var(--ast-global-color-5)","background-image":"","background-repeat":"repeat","background-position":"center center","background-size":"auto","background-attachment":"scroll","background-type":"","background-media":"","overlay-type":"","overlay-color":"","overlay-opacity":"","overlay-gradient":""},"tablet":{"background-color":"","background-image":"","background-repeat":"repeat","background-position":"center center","background-size":"auto","background-attachment":"scroll","background-type":"","background-media":"","overlay-type":"","overlay-color":"","overlay-opacity":"","overlay-gradient":""},"mobile":{"background-color":"","background-image":"","background-repeat":"repeat","background-position":"center center","background-size":"auto","background-attachment":"scroll","background-type":"","background-media":"","overlay-type":"","overlay-color":"","overlay-opacity":"","overlay-gradient":""}},"ast-content-background-meta":{"desktop":{"background-color":"var(--ast-global-color-4)","background-image":"","background-repeat":"repeat","background-position":"center center","background-size":"auto","background-attachment":"scroll","background-type":"","background-media":"","overlay-type":"","overlay-color":"","overlay-opacity":"","overlay-gradient":""},"tablet":{"background-color":"var(--ast-global-color-4)","background-image":"","background-repeat":"repeat","background-position":"center center","background-size":"auto","background-attachment":"scroll","background-type":"","background-media":"","overlay-type":"","overlay-color":"","overlay-opacity":"","overlay-gradient":""},"mobile":{"background-color":"var(--ast-global-color-4)","background-image":"","background-repeat":"repeat","background-position":"center center","background-size":"auto","background-attachment":"scroll","background-type":"","background-media":"","overlay-type":"","overlay-color":"","overlay-opacity":"","overlay-gradient":""}},"footnotes":""},"class_list":["post-9","page","type-page","status-publish","hentry"],"_links":{"self":[{"href":"https:\/\/lauka.fr\/index.php\/wp-json\/wp\/v2\/pages\/9","targetHints":{"allow":["GET"]}}],"collection":[{"href":"https:\/\/lauka.fr\/index.php\/wp-json\/wp\/v2\/pages"}],"about":[{"href":"https:\/\/lauka.fr\/index.php\/wp-json\/wp\/v2\/types\/page"}],"author":[{"embeddable":true,"href":"https:\/\/lauka.fr\/index.php\/wp-json\/wp\/v2\/users\/1"}],"replies":[{"embeddable":true,"href":"https:\/\/lauka.fr\/index.php\/wp-json\/wp\/v2\/comments?post=9"}],"version-history":[{"count":141,"href":"https:\/\/lauka.fr\/index.php\/wp-json\/wp\/v2\/pages\/9\/revisions"}],"predecessor-version":[{"id":254,"href":"https:\/\/lauka.fr\/index.php\/wp-json\/wp\/v2\/pages\/9\/revisions\/254"}],"wp:attachment":[{"href":"https:\/\/lauka.fr\/index.php\/wp-json\/wp\/v2\/media?parent=9"}],"curies":[{"name":"wp","href":"https:\/\/api.w.org\/{rel}","templated":true}]}}